{"id":25405,"date":"2019-10-16T07:53:41","date_gmt":"2019-10-16T07:53:41","guid":{"rendered":"https:\/\/koko.app\/?page_id=25405"},"modified":"2019-10-16T08:05:44","modified_gmt":"2019-10-16T08:05:44","slug":"services","status":"publish","type":"page","link":"https:\/\/koko.app\/de\/services\/","title":{"rendered":"Services"},"content":{"rendered":"<h2 class=\"font-lora\">Koko Cookie &amp; API Token Matrix<\/h2>\n<section class=\"section overflow-auto font-lato\">\n<div class=\"imprint wide\">\n<div class=\"term-main-content link-same-color\">\n<h3>Cookies, API Tokens sowie andere Tools und Plugins auf Koko<\/h3>\n<p>Diese Informationen erg\u00e4nzen die Datenschutzerkl\u00e4rung f\u00fcr Koko (verf\u00fcgbar <a href=\"https:\/\/koko.app\/de\/privacy-policy\">hier<\/a>). Im Folgenden stellen wir Dir eine Liste aller Cookies\/Tokens und anderer Web-Tracking-Tools auf Koko zur Verf\u00fcgung, die entweder von uns selbst (&#8222;1st party&#8220;) oder von Dritten (&#8222;3rd party&#8220;) bereitgestellt werden.<\/p>\n<table class=\"bordered\" cellpadding=\"5px\">\n<colgroup>\n<col \/>\n<col \/>\n<col \/>\n<col \/>\n<col \/>\n<col \/>\n<col \/> <\/colgroup>\n<thead>\n<tr>\n<th>Kategorie<\/th>\n<th>Name<\/th>\n<th>Plattform<\/th>\n<th>Zweck<\/th>\n<th>1st\/3rd party<\/th>\n<th>Anbieterart<\/th>\n<th>Datenschutzhinweis &amp; Opt-Out<\/th>\n<\/tr>\n<\/thead>\n<tbody>\n<tr>\n<td>Identifizierung des Endger\u00e4ts<\/td>\n<td>GeoLocation<\/td>\n<td>Android, iOS<\/td>\n<td>Analyse von Standortdaten via GPS<\/td>\n<td>3rd party<\/td>\n<td>Google &amp; Apple<\/td>\n<td>Google:<br \/>\n<a href=\"https:\/\/policies.google.com\/privacy\" target=\"_blank\" rel=\"noopener noreferrer\">https:\/\/policies.google.com\/privacy<\/a><br \/>\nApple:<br \/>\n<a href=\"https:\/\/www.apple.com\/legal\/privacy\" target=\"_blank\" rel=\"noopener noreferrer\">https:\/\/www.apple.com\/legal\/privacy<\/a><\/td>\n<\/tr>\n<tr>\n<td>Identifizierung des Endger\u00e4ts<\/td>\n<td>Push Notification<\/td>\n<td>iOS<\/td>\n<td>Senden von Push Notifikationen via Apple Push Notification Service (APNS)<\/td>\n<td>3rd party<\/td>\n<td>Apple<\/td>\n<td>Apple:<br \/>\n<a href=\"https:\/\/www.apple.com\/legal\/privacy\" target=\"_blank\" rel=\"noopener noreferrer\">https:\/\/www.apple.com\/legal\/privacy<\/a><\/td>\n<\/tr>\n<tr>\n<td>Identifizierung des Endger\u00e4ts<\/td>\n<td>Push Notification<\/td>\n<td>Android<\/td>\n<td>Senden von Push Notifikationen via Firebase Cloud Messaging (FCM)<\/td>\n<td>3rd party<\/td>\n<td>Google<\/td>\n<td>Google:<br \/>\n<a href=\"https:\/\/policies.google.com\/privacy\" target=\"_blank\" rel=\"noopener noreferrer\">https:\/\/policies.google.com\/privacy<\/a><\/td>\n<\/tr>\n<tr>\n<td>Identifizierung des Endger\u00e4ts<\/td>\n<td>Google Play<\/td>\n<td>Android<\/td>\n<td>Analyse von Nutzungsverhalten<\/td>\n<td>3rd party<\/td>\n<td>Google<\/td>\n<td>Google:<br \/>\n<a href=\"https:\/\/policies.google.com\/privacy\" target=\"_blank\" rel=\"noopener noreferrer\">https:\/\/policies.google.com\/privacy<\/a><\/td>\n<\/tr>\n<tr>\n<td>Identifizierung des Endger\u00e4ts<\/td>\n<td>Google Adwords<\/td>\n<td>Android, iOS<\/td>\n<td>Werbung &amp; Konversion-Tracking<\/td>\n<td>3rd party<\/td>\n<td>Google<\/td>\n<td><a href=\"https:\/\/policies.google.com\/technologies\/ads\" target=\"_blank\" rel=\"noopener noreferrer\">https:\/\/policies.google.com\/technologies\/ads<\/a><br \/>\nOpt-Out<br \/>\n<a href=\"http:\/\/www.youronlinechoices.com\/uk\/your-ad-choices\" target=\"_blank\" rel=\"noopener noreferrer\">http:\/\/www.youronlinechoices.com\/uk\/your-ad-choices<\/a><\/td>\n<\/tr>\n<tr>\n<td>Identifizierung des Endger\u00e4ts<\/td>\n<td>Google Maps API<\/td>\n<td>Android, iOS<\/td>\n<td>Standortermittlung, Liste von St\u00e4dten &amp; L\u00e4ndern<\/td>\n<td>3rd party<\/td>\n<td>Google<\/td>\n<td><a href=\"https:\/\/policies.google.com\/privacy\" target=\"_blank\" rel=\"noopener noreferrer\">https:\/\/policies.google.com\/privacy<\/a><\/td>\n<\/tr>\n<tr>\n<td>Identifizierung des Endger\u00e4ts<\/td>\n<td>NRAGENT (New Relic)<\/td>\n<td>Android, iOS<\/td>\n<td>Messung von Antwortzeiten der Server<\/td>\n<td>3rd party<\/td>\n<td>New Relic<\/td>\n<td><a href=\"https:\/\/newrelic.com\/privacy\" target=\"_blank\" rel=\"noopener noreferrer\">https:\/\/newrelic.com\/privacy<\/a><br \/>\n<a href=\"https:\/\/newrelic.com\/termsandconditions\/cookie-policy\" target=\"_blank\" rel=\"noopener noreferrer\">https:\/\/newrelic.com\/termsandconditions\/cookie-policy<\/a><\/td>\n<\/tr>\n<tr>\n<td>Identifizierung des Endger\u00e4ts<\/td>\n<td>JSESSIONID (New Relic)<\/td>\n<td>Android, iOS<\/td>\n<td>Messung von Anzahl der Sitzungen f\u00fcr die Messung von Antwortzeiten der Server<\/td>\n<td>3rd party<\/td>\n<td>New Relic<\/td>\n<td><a href=\"https:\/\/newrelic.com\/privacy\" target=\"_blank\" rel=\"noopener noreferrer\">https:\/\/newrelic.com\/privacy<\/a><br \/>\n<a href=\"https:\/\/newrelic.com\/termsandconditions\/cookie-policy\" target=\"_blank\" rel=\"noopener noreferrer\">https:\/\/newrelic.com\/termsandconditions\/cookie-policy<\/a><\/td>\n<\/tr>\n<tr>\n<td>Identifizierung des Endger\u00e4ts<\/td>\n<td>Facebook SDK<\/td>\n<td>Android, iOS<\/td>\n<td>Integration mit der Facebook Plattform f\u00fcr Anmeldung und Einladungen<\/td>\n<td>3rd party<\/td>\n<td>Facebook<\/td>\n<td><a href=\"https:\/\/www.facebook.com\/about\/basics\/manage-your-privacy\" target=\"_blank\" rel=\"noopener noreferrer\">https:\/\/www.facebook.com\/about\/basics\/manage-your-privacy<\/a><\/td>\n<\/tr>\n<tr>\n<td>Identifizierung des Endger\u00e4ts<\/td>\n<td>MoPub<\/td>\n<td>Android, iOS<\/td>\n<td>Angebot &amp; Vermittlung von Werbung<\/td>\n<td>3rd party<\/td>\n<td>MoPub (Twitter)<\/td>\n<td><a href=\"https:\/\/www.mopub.com\/legal\/privacy\/\" target=\"_blank\" rel=\"noopener noreferrer\">https:\/\/www.mopub.com\/legal\/privacy\/<\/a><br \/>\nOpt-Out<br \/>\n<a href=\"https:\/\/www.mopub.com\/optout\/\" target=\"_blank\" rel=\"noopener noreferrer\">https:\/\/www.mopub.com\/optout\/<\/a><br \/>\nPartners: <a href=\"https:\/\/www.mopub.com\/legal\/partners\/\" target=\"_blank\" rel=\"noopener noreferrer\">https:\/\/www.mopub.com\/legal\/partners\/<\/a><\/td>\n<\/tr>\n<tr>\n<td>Identifizierung des Endger\u00e4ts<\/td>\n<td>Facebook Audience Network (FAN)<\/td>\n<td>Android, iOS<\/td>\n<td>Angebot &amp; Vermittlung von Werbung<\/td>\n<td>3rd party<\/td>\n<td>Facebook<\/td>\n<td><a href=\"https:\/\/www.facebook.com\/about\/basics\/manage-your-privacy\" target=\"_blank\" rel=\"noopener noreferrer\">https:\/\/www.facebook.com\/about\/basics\/manage-your-privacy<\/a><\/td>\n<\/tr>\n<tr>\n<td>Identifizierung des Endger\u00e4ts<\/td>\n<td>Apple Search Ads<\/td>\n<td>Android, iOS<\/td>\n<td>Angebot &amp; Vermittlung von Werbung<\/td>\n<td>3rd party<\/td>\n<td>Apple<\/td>\n<td><a href=\"https:\/\/searchads.apple.com\/privacy\" target=\"_blank\" rel=\"noopener noreferrer\">https:\/\/searchads.apple.com\/privacy<\/a><\/td>\n<\/tr>\n<tr>\n<td>Identifizierung des Endger\u00e4ts<\/td>\n<td>Liftoff<\/td>\n<td>Android, iOS<\/td>\n<td>Angebot &amp; Vermittlung von Werbung<\/td>\n<td>3rd party<\/td>\n<td>Liftoff<\/td>\n<td><a href=\"https:\/\/liftoff.io\/privacy-policy\" target=\"_blank\" rel=\"noopener noreferrer\">https:\/\/liftoff.io\/privacy-policy<\/a><br \/>\nOpt-Out<br \/>\n<a href=\"https:\/\/liftoff.io\/opt-out\" target=\"_blank\" rel=\"noopener noreferrer\">https:\/\/liftoff.io\/opt-out<\/a><\/td>\n<\/tr>\n<tr>\n<td>Identifizierung des Endger\u00e4ts<\/td>\n<td>Minimob<\/td>\n<td>Android, iOS<\/td>\n<td>Angebot &amp; Vermittlung von Werbung<\/td>\n<td>3rd party<\/td>\n<td>Minimob<\/td>\n<td><a href=\"https:\/\/www.minimob.com\/privacy-policy.html\" target=\"_blank\" rel=\"noopener noreferrer\">https:\/\/www.minimob.com\/privacy-policy.html<\/a><br \/>\nOpt-Out<br \/>\n<a href=\"http:\/\/dashboard.minimob.com\/app\/opt-out\" target=\"_blank\" rel=\"noopener noreferrer\">http:\/\/dashboard.minimob.com\/app\/opt-out<\/a><\/td>\n<\/tr>\n<tr>\n<td>Identifizierung des Endger\u00e4ts<\/td>\n<td>glispa<\/td>\n<td>Android, iOS<\/td>\n<td>Angebot &amp; Vermittlung von Werbung<\/td>\n<td>3rd party<\/td>\n<td>glispa<\/td>\n<td><a href=\"https:\/\/www.glispa.com\/privacy-policy\" target=\"_blank\" rel=\"noopener noreferrer\">https:\/\/www.glispa.com\/privacy-policy<\/a><\/td>\n<\/tr>\n<tr>\n<td>Identifizierung des Endger\u00e4ts<\/td>\n<td>Vungle<\/td>\n<td>Android, iOS<\/td>\n<td>Angebot &amp; Vermittlung von Werbung<\/td>\n<td>3rd party<\/td>\n<td>Vungle<\/td>\n<td><a href=\"https:\/\/vungle.com\/privacy\" target=\"_blank\" rel=\"noopener noreferrer\">https:\/\/vungle.com\/privacy<\/a><br \/>\nOpt-Out<br \/>\n<a href=\"http:\/\/dashboard.minimob.com\/app\/opt-out\" target=\"_blank\" rel=\"noopener noreferrer\">http:\/\/dashboard.minimob.com\/app\/opt-out<\/a><\/td>\n<\/tr>\n<tr>\n<td>Identifizierung des Endger\u00e4ts<\/td>\n<td>YouAppi<\/td>\n<td>Android, iOS<\/td>\n<td>Angebot &amp; Vermittlung von Werbung<\/td>\n<td>3rd party<\/td>\n<td>YouAppi<\/td>\n<td><a href=\"https:\/\/www.youappi.com\/privacy-policy\" target=\"_blank\" rel=\"noopener noreferrer\">https:\/\/www.youappi.com\/privacy-policy<\/a><\/td>\n<\/tr>\n<tr>\n<td>Identifizierung des Endger\u00e4ts<\/td>\n<td>Fyber<\/td>\n<td>Android, iOS<\/td>\n<td>Angebot &amp; Vermittlung von Werbung<\/td>\n<td>3rd party<\/td>\n<td>Fyber<\/td>\n<td><a href=\"https:\/\/www.fyber.com\/legal\/privacy-policy\" target=\"_blank\" rel=\"noopener noreferrer\">https:\/\/www.fyber.com\/legal\/privacy-policy<\/a><\/td>\n<\/tr>\n<tr>\n<td>Identifizierung des Endger\u00e4ts<\/td>\n<td>Chartboost<\/td>\n<td>Android, iOS<\/td>\n<td>Angebot &amp; Vermittlung von Werbung<\/td>\n<td>3rd party<\/td>\n<td>Chartboost<\/td>\n<td><a href=\"https:\/\/answers.chartboost.com\/en-us\/articles\/200780269\" target=\"_blank\" rel=\"noopener noreferrer\">https:\/\/answers.chartboost.com\/en-us\/articles\/200780269<\/a><\/td>\n<\/tr>\n<tr>\n<td>Identifizierung des Endger\u00e4ts<\/td>\n<td>AppLovin<\/td>\n<td>Android, iOS<\/td>\n<td>Angebot &amp; Vermittlung von Werbung<\/td>\n<td>3rd party<\/td>\n<td>AppLovin<\/td>\n<td><a href=\"https:\/\/www.applovin.com\/privacy\" target=\"_blank\" rel=\"noopener noreferrer\">https:\/\/www.applovin.com\/privacy<\/a><br \/>\nOpt-Out<br \/>\n<a href=\"https:\/\/www.applovin.com\/optout\" target=\"_blank\" rel=\"noopener noreferrer\">https:\/\/www.applovin.com\/optout<\/a><\/td>\n<\/tr>\n<tr>\n<td>Analyse\/Tracking<\/td>\n<td>Fabric<\/td>\n<td>Android, iOS<\/td>\n<td>Analyse von Nutzerverhalten, Daten f\u00fcr Performance Marketing<\/td>\n<td>3rd party<\/td>\n<td>Google<\/td>\n<td><a href=\"https:\/\/fabric.io\/terms\" target=\"_blank\" rel=\"noopener noreferrer\">https:\/\/fabric.io\/terms<\/a><\/td>\n<\/tr>\n<tr>\n<td>Analyse\/Tracking<\/td>\n<td>Firebase<\/td>\n<td>Android, iOS<\/td>\n<td>Analyse von Nutzerverhalten, Daten f\u00fcr Performance Marketing<\/td>\n<td>3rd party<\/td>\n<td>Google<\/td>\n<td><a href=\"https:\/\/www.firebase.com\/terms\/privacy-policy.html\" target=\"_blank\" rel=\"noopener noreferrer\">https:\/\/www.firebase.com\/terms\/privacy-policy.html<\/a><\/td>\n<\/tr>\n<tr>\n<td>Analyse\/Tracking<\/td>\n<td>Google Analytics (_ga, _gid)<\/td>\n<td>Android, iOS<\/td>\n<td>Analyse von Nutzerverhalten, Daten f\u00fcr Performance Marketing<\/td>\n<td>3rd party<\/td>\n<td>Google<\/td>\n<td><a href=\"https:\/\/policies.google.com\/privacy\" target=\"_blank\" rel=\"noopener noreferrer\">https:\/\/policies.google.com\/privacy<\/a><br \/>\nOpt-Out<br \/>\n<a href=\"https:\/\/tools.google.com\/dlpage\/gaoptout\" target=\"_blank\" rel=\"noopener noreferrer\">https:\/\/tools.google.com\/dlpage\/gaoptout<\/a><\/td>\n<\/tr>\n<tr>\n<td>Analyse\/Tracking<\/td>\n<td>Google Analytics (ga.js)<\/td>\n<td>Android, iOS<\/td>\n<td>Opt-Out Cookie<\/td>\n<td>3rd party<\/td>\n<td>Google<\/td>\n<td><a href=\"https:\/\/policies.google.com\/privacy\" target=\"_blank\" rel=\"noopener noreferrer\">https:\/\/policies.google.com\/privacy<\/a><br \/>\nOpt-Out<br \/>\n<a href=\"https:\/\/tools.google.com\/dlpage\/gaoptout\" target=\"_blank\" rel=\"noopener noreferrer\">https:\/\/tools.google.com\/dlpage\/gaoptout<\/a><\/td>\n<\/tr>\n<tr>\n<td>Analyse\/Tracking<\/td>\n<td>Maxmind IP<\/td>\n<td>Android, iOS<\/td>\n<td>Ungef\u00e4hre Analyse von Standortdaten<\/td>\n<td>3rd party<\/td>\n<td>Google<\/td>\n<td><a href=\"https:\/\/www.maxmind.com\/de\/privacy_policy\" target=\"_blank\" rel=\"noopener noreferrer\">https:\/\/www.maxmind.com\/de\/privacy_policy<\/a><\/td>\n<\/tr>\n<tr>\n<td>Analyse\/Tracking<\/td>\n<td>Adjust<\/td>\n<td>Android, iOS<\/td>\n<td>Attribution, Tracking &amp; Performance von Marketingkan\u00e4len<\/td>\n<td>3rd party<\/td>\n<td>Adjust<\/td>\n<td><a href=\"https:\/\/www.adjust.com\/privacy-policy\" target=\"_blank\" rel=\"noopener noreferrer\">https:\/\/www.adjust.com\/privacy-policy<\/a><br \/>\nOpt-Out<br \/>\n<a href=\"https:\/\/www.adjust.com\/opt-out\" target=\"_blank\" rel=\"noopener noreferrer\">https:\/\/www.adjust.com\/opt-out<\/a><\/td>\n<\/tr>\n<tr>\n<td>Analyse\/Tracking<\/td>\n<td>Sentry<\/td>\n<td>Backend<\/td>\n<td>Tracking von Backend-Fehlern<\/td>\n<td>3rd party<\/td>\n<td>Sentry.io<\/td>\n<td><a href=\"https:\/\/sentry.io\/privacy\/\" target=\"_blank\" rel=\"noopener noreferrer\">https:\/\/sentry.io\/privacy\/<\/a><\/td>\n<\/tr>\n<tr>\n<td>Essenzielles Funktions-API-Token<\/td>\n<td>session_ID<\/td>\n<td>Android, iOS, Web<\/td>\n<td>Speicherung einer unverwechselbaren Sitzungs-ID<\/td>\n<td>1st party<\/td>\n<td>&#8211;<\/td>\n<td>&#8211;<\/td>\n<\/tr>\n<tr>\n<td>Essenzielles Funktions-API-Token<\/td>\n<td>User IP<\/td>\n<td>Android, iOS<\/td>\n<td>Speicherung der IP f\u00fcr Standortbestimmung, Vermeidung von Spam &amp; Mi\u00dfbrauch<\/td>\n<td>1st party<\/td>\n<td>&#8211;<\/td>\n<td>&#8211;<\/td>\n<\/tr>\n<tr>\n<td>Essenzielles Funktions-API-Token<\/td>\n<td>App ID<\/td>\n<td>Android, iOS<\/td>\n<td>Tracking der App-ID zur Bestimmung der Download-Plattform<\/td>\n<td>1st party<\/td>\n<td>&#8211;<\/td>\n<td>&#8211;<\/td>\n<\/tr>\n<tr>\n<td>Essenzielles Funktions-API-Token<\/td>\n<td>app_version<\/td>\n<td>Android, iOS<\/td>\n<td>Identifizierung der App-Version<\/td>\n<td>1st party<\/td>\n<td>&#8211;<\/td>\n<td>&#8211;<\/td>\n<\/tr>\n<tr>\n<td>Essenzielles Funktions-API-Token<\/td>\n<td>device_info<\/td>\n<td>Android, iOS<\/td>\n<td>Identifizierung des Endger\u00e4ts (Name des Endger\u00e4ts) und Betriebssystems (Name und Version des Betriebssystems)<\/td>\n<td>1st party<\/td>\n<td>&#8211;<\/td>\n<td>&#8211;<\/td>\n<\/tr>\n<tr>\n<td>Essenzielles Funktions-API-Token<\/td>\n<td>thread_ID<\/td>\n<td>Android, iOS<\/td>\n<td>Speicherung von internen ID-Nummern f\u00fcr Konversationen<\/td>\n<td>1st party<\/td>\n<td>&#8211;<\/td>\n<td>&#8211;<\/td>\n<\/tr>\n<tr>\n<td>Essenzielles Funktions-API-Token<\/td>\n<td>message_ID<\/td>\n<td>Android, iOS<\/td>\n<td>Speicherung von internen ID-Nummern f\u00fcr Nachrichten<\/td>\n<td>1st party<\/td>\n<td>&#8211;<\/td>\n<td>&#8211;<\/td>\n<\/tr>\n<tr>\n<td>Essenzielles Funktions-API-Token<\/td>\n<td>access_token<\/td>\n<td>Android, iOS<\/td>\n<td>Lokale Speicherung des ausgeloggten Status f\u00fcr den erleichterten Zugang zur App<\/td>\n<td>1st party<\/td>\n<td>&#8211;<\/td>\n<td>Dieser Token l\u00e4uft automatisch ab.<\/td>\n<\/tr>\n<tr>\n<td>Essenzielles Funktions-API-Token<\/td>\n<td>grant_type<\/td>\n<td>Android, iOS<\/td>\n<td>Sog. \u201cOAuth2\u201d-token f\u00fcr die Authentifizierung des Nutzers<\/td>\n<td>1st party<\/td>\n<td>&#8211;<\/td>\n<td>Dieser Token l\u00e4uft automatisch ab.<\/td>\n<\/tr>\n<tr>\n<td>Essenzielles Funktions-API-Token<\/td>\n<td>cookies_accepted<\/td>\n<td>Web<\/td>\n<td>Check, ob Cookie-Haftungsausschluss akzeptiert wurde<\/td>\n<td>1st party<\/td>\n<td>&#8211;<\/td>\n<td>&#8211;<\/td>\n<\/tr>\n<tr>\n<td>Sonstige<\/td>\n<td>Facebook Sharing<\/td>\n<td>Web<\/td>\n<td>Facebook Like auf der Webseite<\/td>\n<td>3rd party<\/td>\n<td>Facebook<\/td>\n<td><a href=\"https:\/\/www.facebook.com\/about\/basics\/manage-your-privacy\" target=\"_blank\" rel=\"noopener noreferrer\">https:\/\/www.facebook.com\/about\/basics\/manage-your-privacy<\/a><\/td>\n<\/tr>\n<tr>\n<td>Sonstige<\/td>\n<td>Twitter Sharing<\/td>\n<td>Web<\/td>\n<td>Twitter Share auf der Webseite<\/td>\n<td>3rd party<\/td>\n<td>Twitter<\/td>\n<td><a href=\"https:\/\/twitter.com\/privacy\" target=\"_blank\" rel=\"noopener noreferrer\">https:\/\/twitter.com\/privacy<\/a><br \/>\nOpt-Out<br \/>\n<a href=\"https:\/\/twitter.com\/settings\/your_twitter_data\" target=\"_blank\" rel=\"noopener noreferrer\">https:\/\/twitter.com\/settings\/your_twitter_data<\/a><\/td>\n<\/tr>\n<tr>\n<td>Sonstige<\/td>\n<td>Google Fonts<\/td>\n<td>Web<\/td>\n<td>Verbesserung der UX<\/td>\n<td>3rd party<\/td>\n<td>Google<\/td>\n<td><a href=\"https:\/\/policies.google.com\/privacy\" target=\"_blank\" rel=\"noopener noreferrer\">https:\/\/policies.google.com\/privacy<\/a><\/td>\n<\/tr>\n<tr>\n<td>Sonstige<\/td>\n<td>Sparkpost emails<\/td>\n<td>Web<\/td>\n<td>Senden von Transaktions- und Nicht-Transaktions- E-Mails<\/td>\n<td>3rd party<\/td>\n<td>Sparkpost<\/td>\n<td><a href=\"https:\/\/www.sparkpost.com\/policies\/privacy\" target=\"_blank\" rel=\"noopener noreferrer\">https:\/\/www.sparkpost.com\/policies\/privacy<\/a><\/td>\n<\/tr>\n<tr>\n<td>Sonstige<\/td>\n<td>Cloudinary photo_id<\/td>\n<td>Android, iOS<\/td>\n<td>Optimierung und Speicherung von Videos und Bildern<\/td>\n<td>3rd party<\/td>\n<td>Cloudinary<\/td>\n<td><a href=\"https:\/\/cloudinary.com\/privacy\" target=\"_blank\" rel=\"noopener noreferrer\">https:\/\/cloudinary.com\/privacy<\/a><\/td>\n<\/tr>\n<\/tbody>\n<\/table>\n<\/div>\n<\/div>\n<\/section>\n<p>&nbsp;<\/p>\n","protected":false},"excerpt":{"rendered":"<p>Koko Cookie &amp; API Token Matrix Cookies, API Tokens sowie andere Tools und Plugins auf Koko Diese Informationen erg\u00e4nzen die&#8230;<\/p>\n","protected":false},"author":1,"featured_media":0,"parent":0,"menu_order":0,"comment_status":"closed","ping_status":"closed","template":"","meta":[],"yoast_head":"<!-- This site is optimized with the Yoast SEO plugin v20.9 - https:\/\/yoast.com\/wordpress\/plugins\/seo\/ -->\n<title>Services - Koko<\/title>\n<meta name=\"robots\" content=\"index, follow, max-snippet:-1, max-image-preview:large, max-video-preview:-1\" \/>\n<link rel=\"canonical\" href=\"https:\/\/koko.app\/de\/services\/\" \/>\n<meta property=\"og:locale\" content=\"de_DE\" \/>\n<meta property=\"og:type\" content=\"article\" \/>\n<meta property=\"og:title\" content=\"Services - Koko\" \/>\n<meta property=\"og:description\" content=\"Koko Cookie &amp; API Token Matrix Cookies, API Tokens sowie andere Tools und Plugins auf Koko Diese Informationen erg\u00e4nzen die...\" \/>\n<meta property=\"og:url\" content=\"https:\/\/koko.app\/de\/services\/\" \/>\n<meta property=\"og:site_name\" content=\"Koko\" \/>\n<meta property=\"article:modified_time\" content=\"2019-10-16T08:05:44+00:00\" \/>\n<meta name=\"twitter:card\" content=\"summary_large_image\" \/>\n<meta name=\"twitter:label1\" content=\"Gesch\u00e4tzte Lesezeit\" \/>\n\t<meta name=\"twitter:data1\" content=\"5\u00a0Minuten\" \/>\n<script type=\"application\/ld+json\" class=\"yoast-schema-graph\">{\"@context\":\"https:\/\/schema.org\",\"@graph\":[{\"@type\":\"WebPage\",\"@id\":\"https:\/\/koko.app\/de\/services\/\",\"url\":\"https:\/\/koko.app\/de\/services\/\",\"name\":\"Services - Koko\",\"isPartOf\":{\"@id\":\"https:\/\/koko.app\/#website\"},\"datePublished\":\"2019-10-16T07:53:41+00:00\",\"dateModified\":\"2019-10-16T08:05:44+00:00\",\"breadcrumb\":{\"@id\":\"https:\/\/koko.app\/de\/services\/#breadcrumb\"},\"inLanguage\":\"de\",\"potentialAction\":[{\"@type\":\"ReadAction\",\"target\":[\"https:\/\/koko.app\/de\/services\/\"]}]},{\"@type\":\"BreadcrumbList\",\"@id\":\"https:\/\/koko.app\/de\/services\/#breadcrumb\",\"itemListElement\":[{\"@type\":\"ListItem\",\"position\":1,\"name\":\"Home\",\"item\":\"https:\/\/koko.app\/de\/\"},{\"@type\":\"ListItem\",\"position\":2,\"name\":\"Services\"}]},{\"@type\":\"WebSite\",\"@id\":\"https:\/\/koko.app\/#website\",\"url\":\"https:\/\/koko.app\/\",\"name\":\"Koko\",\"description\":\"\",\"potentialAction\":[{\"@type\":\"SearchAction\",\"target\":{\"@type\":\"EntryPoint\",\"urlTemplate\":\"https:\/\/koko.app\/?s={search_term_string}\"},\"query-input\":\"required name=search_term_string\"}],\"inLanguage\":\"de\"}]}<\/script>\n<!-- \/ Yoast SEO plugin. -->","yoast_head_json":{"title":"Services - Koko","robots":{"index":"index","follow":"follow","max-snippet":"max-snippet:-1","max-image-preview":"max-image-preview:large","max-video-preview":"max-video-preview:-1"},"canonical":"https:\/\/koko.app\/de\/services\/","og_locale":"de_DE","og_type":"article","og_title":"Services - Koko","og_description":"Koko Cookie &amp; API Token Matrix Cookies, API Tokens sowie andere Tools und Plugins auf Koko Diese Informationen erg\u00e4nzen die...","og_url":"https:\/\/koko.app\/de\/services\/","og_site_name":"Koko","article_modified_time":"2019-10-16T08:05:44+00:00","twitter_card":"summary_large_image","twitter_misc":{"Gesch\u00e4tzte Lesezeit":"5\u00a0Minuten"},"schema":{"@context":"https:\/\/schema.org","@graph":[{"@type":"WebPage","@id":"https:\/\/koko.app\/de\/services\/","url":"https:\/\/koko.app\/de\/services\/","name":"Services - Koko","isPartOf":{"@id":"https:\/\/koko.app\/#website"},"datePublished":"2019-10-16T07:53:41+00:00","dateModified":"2019-10-16T08:05:44+00:00","breadcrumb":{"@id":"https:\/\/koko.app\/de\/services\/#breadcrumb"},"inLanguage":"de","potentialAction":[{"@type":"ReadAction","target":["https:\/\/koko.app\/de\/services\/"]}]},{"@type":"BreadcrumbList","@id":"https:\/\/koko.app\/de\/services\/#breadcrumb","itemListElement":[{"@type":"ListItem","position":1,"name":"Home","item":"https:\/\/koko.app\/de\/"},{"@type":"ListItem","position":2,"name":"Services"}]},{"@type":"WebSite","@id":"https:\/\/koko.app\/#website","url":"https:\/\/koko.app\/","name":"Koko","description":"","potentialAction":[{"@type":"SearchAction","target":{"@type":"EntryPoint","urlTemplate":"https:\/\/koko.app\/?s={search_term_string}"},"query-input":"required name=search_term_string"}],"inLanguage":"de"}]}},"_links":{"self":[{"href":"https:\/\/koko.app\/de\/wp-json\/wp\/v2\/pages\/25405"}],"collection":[{"href":"https:\/\/koko.app\/de\/wp-json\/wp\/v2\/pages"}],"about":[{"href":"https:\/\/koko.app\/de\/wp-json\/wp\/v2\/types\/page"}],"author":[{"embeddable":true,"href":"https:\/\/koko.app\/de\/wp-json\/wp\/v2\/users\/1"}],"replies":[{"embeddable":true,"href":"https:\/\/koko.app\/de\/wp-json\/wp\/v2\/comments?post=25405"}],"version-history":[{"count":3,"href":"https:\/\/koko.app\/de\/wp-json\/wp\/v2\/pages\/25405\/revisions"}],"predecessor-version":[{"id":25415,"href":"https:\/\/koko.app\/de\/wp-json\/wp\/v2\/pages\/25405\/revisions\/25415"}],"wp:attachment":[{"href":"https:\/\/koko.app\/de\/wp-json\/wp\/v2\/media?parent=25405"}],"curies":[{"name":"wp","href":"https:\/\/api.w.org\/{rel}","templated":true}]}}