{"id":25324,"date":"2019-05-14T13:23:51","date_gmt":"2019-05-14T13:23:51","guid":{"rendered":"https:\/\/koko.app\/?page_id=25324"},"modified":"2019-05-21T07:36:46","modified_gmt":"2019-05-21T07:36:46","slug":"persoenlichkeitstest-2","status":"publish","type":"page","link":"https:\/\/koko.app\/de\/persoenlichkeitstest-2\/","title":{"rendered":"Diese Pers\u00f6nlichkeitstests haben mir gezeigt, wer ich bin und wer zu mir passt"},"content":{"rendered":"<section class=\"wpb-content-wrapper\"><p>[vc_row][vc_column][vc_custom_heading text=&#8220;Sortiere falsche Partner aus mit dem Pers\u00f6nlichkeitstest!&#8220; font_container=&#8220;tag:h3|text_align:center&#8220; use_theme_fonts=&#8220;yes&#8220; css_animation=&#8220;none&#8220;][\/vc_column][\/vc_row][vc_row][vc_column][vc_column_text]<figure id=\"attachment_25264\" aria-describedby=\"caption-attachment-25264\" style=\"width: 70px\" class=\"wp-caption alignleft\"><img decoding=\"async\" class=\"wp-image-25264 size-thumbnail\" src=\"https:\/\/koko.app\/wp-content\/uploads\/2019\/04\/authorpic-150x150.jpg\" alt=\"\" width=\"70\" height=\"70\" srcset=\"https:\/\/koko.app\/wp-content\/uploads\/2019\/04\/authorpic-150x150.jpg 150w, https:\/\/koko.app\/wp-content\/uploads\/2019\/04\/authorpic-300x300.jpg 300w, https:\/\/koko.app\/wp-content\/uploads\/2019\/04\/authorpic-256x256.jpg 256w, https:\/\/koko.app\/wp-content\/uploads\/2019\/04\/authorpic.jpg 409w\" sizes=\"(max-width: 70px) 100vw, 70px\" \/><figcaption id=\"caption-attachment-25264\" class=\"wp-caption-text\">Laura<\/figcaption><\/figure><\/p>\n<p>Tickt da drau\u00dfen eigentlich noch wer so wie ich? W\u00e4re ja wirklich langsam mal ganz cool. Dachte ich mir so zum hundertsten Mal. Also los. Dating App: Koko. Wow, ein Pers\u00f6nlichkeitsquiz. Cool! Hihi. Lustige Fragen. Lustige Pers\u00f6nlichkeiten. Ich bin also <strong>Astralbesen <\/strong>(Wunderbar wunderlich &#8211; das bist du. In deinem Kopf herrscht stets ein kunterbuntes Chaos, das nur so aus dir heraussprudelt. Du kannst gar nicht anders, aber aus dir kriechen immer wieder verr\u00fcckte Ideen und kreative Wortsch\u00f6pfungen heraus) und <strong>Filmnostalgikerin <\/strong>(Stummfilme und andere alte Schinken sind deine Leidenschaft. Als Filmnostalgikerin besitzt du selbstverst\u00e4ndlich noch einen Videorekorder und leihst dir w\u00f6chentlich schwarz wei\u00dfe Klassiker aus. Die Schauspieler von heute? Alle Sch\u00f6nlinge. Marlon Brando und Claudia Cardinale waren noch echte Charakter.)[\/vc_column_text]<div class=\"gem-button-container gem-button-position-center thegem-button-69e1c6fada61f6197    \"  ><a class=\"gem-button gem-button-size-medium gem-button-style-flat gem-button-text-weight-normal\" data-ll-effect=\"drop-right-without-wrap\" style=\"border-radius: 24px;background: linear-gradient(to bottom, #f9ae00, #e80b81);color: #ffffff;\" onmouseleave=\"this.style.color='#ffffff';this.style.background='linear-gradient(to bottom , #f9ae00 , #e80b81)';\" onmouseenter=\"this.style.background='linear-gradient(to bottom , #e80b81 , #f9ae00)';\" href=\"https:\/\/app.adjust.com\/fua50h2\" target=\"_blank\">Weiter zum Pers\u00f6nlichkeitstest!<\/a><\/div> [vc_column_text]<figure id=\"attachment_25290\" aria-describedby=\"caption-attachment-25290\" style=\"width: 350px\" class=\"wp-caption alignleft\"><img decoding=\"async\" class=\"wp-image-25290 size-full\" src=\"https:\/\/koko.app\/wp-content\/uploads\/2019\/04\/couple.jpg\" alt=\"\" width=\"350\" height=\"350\" srcset=\"https:\/\/koko.app\/wp-content\/uploads\/2019\/04\/couple.jpg 350w, https:\/\/koko.app\/wp-content\/uploads\/2019\/04\/couple-150x150.jpg 150w, https:\/\/koko.app\/wp-content\/uploads\/2019\/04\/couple-300x300.jpg 300w, https:\/\/koko.app\/wp-content\/uploads\/2019\/04\/couple-256x256.jpg 256w\" sizes=\"(max-width: 350px) 100vw, 350px\" \/><figcaption id=\"caption-attachment-25290\" class=\"wp-caption-text\">&#8222;Bei Koko finde ich Leute, die genau meinen Humor teilen&#8220;<\/figcaption><\/figure><\/p>\n<p>LOL! Yes, passt! Und wer ist das noch so alles? Hui, gar nicht mal so wenige. In der App konnte ich n\u00e4mlich auf den Profilen der anderen User sehen, was die so alles \u00fcber sich verraten haben.<\/p>\n<p>Die verschiedenen Charaktere tauchen (wenn du willst) auf deiner Seite auf. Alles muss Koko nat\u00fcrlich nicht von mir wissen, aber \u00fcber Dinge, die mir wichtig sind, wie Politik, Karriere, Vorstellung von einer Beziehung, Filme und Weltanschauung, schnacke ich doch gerne. Also habe ich nach und nach immer mehr der Quizfragen beantwortet. Im Anschluss konnte ich dann sogar meine drei Lieblingsthemen ausw\u00e4hlen. Und hey, ohne Mist, das hat meine Match-Quote echt erh\u00f6ht und mir das eine oder andere nette Date beschert.<\/p>\n<p><em><strong>Denn: Dass ich als Partytierchen nix mit einer Couchkartoffel anfangen kann, ist ja wohl klar wie Glas. Da kann das L\u00e4cheln noch so zum Schwachwerden sein. Couchkartoffel bleibt Couchkartoffel. Abturner 3000.<\/strong> <\/em>Und dass ich mich auf Konservativlinge nicht einlasse, liegt auch auf der Hand. Die Auswertungen haben mir jedenfalls mega geholfen und jede Menge kostbare Swipe-Zeit erspart\u2026 Macht also total Sinn!<\/p>\n<p>&nbsp;<\/p>\n<h4>Habe ich meinen Seelenverwandten getroffen?<\/h4>\n<p>Tats\u00e4chlich war ich dann von einem s\u00fc\u00dfen Chinchiller besonders angetan. Noch ein kurzer Check, wie viel \u00dcbereinstimmung wir im Thema Weltanschauung haben. Okay, cool \u2013 80 Prozent der Fragen haben wir gleich beantwortet, steht in seinem Profil! Ob es mir verr\u00e4t, was es auf \u201eLicht an beim Sex?\u201c oder \u201eW\u00fcrde dich eine Weltherrschaft reizen?\u201c geantwortet hat? \u00dcberhaupt stellt Koko jede Menge s\u00fc\u00dfe Fragen, die eine super Inspiration f\u00fcr Gespr\u00e4chsstoff beim ersten Date sind. \u201eWelche Superkraft reizt dich am meisten?\u201c, habe ich dann das Chinchiller gefragt, als wir uns das erste Mal getroffen haben. Huch, seine Antwort! Da tickt vielleicht wirklich jemand mal so wie ich. Ob er Mr. Right ist, wei\u00df ich noch nicht, aber ziemlich wahrscheinlich ist er Mr. Right Now![\/vc_column_text]<div class=\"gem-button-container gem-button-position-center thegem-button-69e1c6fada6a18771    \"  ><a class=\"gem-button gem-button-size-large gem-button-style-flat gem-button-text-weight-normal\" data-ll-effect=\"drop-right-without-wrap\" style=\"border-radius: 24px;background: linear-gradient(to bottom, #f9ae00, #e80b81);color: #ffffff;\" onmouseleave=\"this.style.color='#ffffff';this.style.background='linear-gradient(to bottom , #f9ae00 , #e80b81)';\" onmouseenter=\"this.style.background='linear-gradient(to bottom , #e80b81 , #f9ae00)';\" href=\"https:\/\/app.adjust.com\/fua50h2\" target=\"_blank\">Jetzt neue Leute kennenlernen!<\/a><\/div> [\/vc_column][\/vc_row][vc_row css=&#8220;.vc_custom_1558424199793{margin-top: 300px !important;}&#8220;][vc_column width=&#8220;1\/3&#8243;][vc_custom_heading text=&#8220;Get it now!&#8220; font_container=&#8220;tag:h6|font_size:12|text_align:left&#8220; use_theme_fonts=&#8220;yes&#8220;][vc_column_text]<a href=\"https:\/\/itunes.apple.com\/app\/koko-dating-chat-flirten\/id855200334\" target=\"_blank\" rel=\"noopener noreferrer\"><img decoding=\"async\" class=\"alignnone\" src=\"https:\/\/koko.app\/wp-content\/uploads\/2019\/01\/badge-apple-en.png\" alt=\"\" width=\"125\" \/><\/a> <a href=\"https:\/\/play.google.com\/store\/apps\/details?id=com.koko.dating.chat\" target=\"_blank\" rel=\"noopener noreferrer\"><img decoding=\"async\" class=\"alignnone\" src=\"https:\/\/koko.app\/wp-content\/uploads\/2019\/01\/badge-google-en.png\" alt=\"\" width=\"125\" \/><\/a>[\/vc_column_text][\/vc_column][vc_column width=&#8220;1\/3&#8243;][vc_custom_heading text=&#8220;Follow us&#8220; font_container=&#8220;tag:h6|font_size:12|text_align:left&#8220; use_theme_fonts=&#8220;yes&#8220;][vc_column_text]<a href=\"https:\/\/www.facebook.com\/koko.dating\" target=\"_blank\" rel=\"noopener noreferrer\"><img decoding=\"async\" class=\"alignnone\" src=\"https:\/\/koko.app\/wp-content\/uploads\/2019\/01\/icon-social-facebook.png\" alt=\"\" width=\"40\" height=\"40\" \/><\/a> \u00a0<a href=\"https:\/\/www.instagram.com\/koko_app\/\" target=\"_blank\" rel=\"noopener noreferrer\"><img decoding=\"async\" class=\"alignnone\" src=\"https:\/\/koko.app\/wp-content\/uploads\/2019\/01\/icon-social-instagram.png\" alt=\"\" width=\"40\" height=\"40\" \/><\/a> \u00a0<a href=\"https:\/\/twitter.com\/koko_app\" target=\"_blank\" rel=\"noopener noreferrer\"><img decoding=\"async\" class=\"alignnone\" src=\"https:\/\/koko.app\/wp-content\/uploads\/2019\/01\/icon-social-twitter.png\" alt=\"\" width=\"40\" height=\"40\" \/><\/a> \u00a0<a href=\"http:\/\/hallokoko.tumblr.com\/\" target=\"_blank\" rel=\"noopener noreferrer\"><img decoding=\"async\" class=\"alignnone\" src=\"https:\/\/koko.app\/wp-content\/uploads\/2019\/01\/icon-social-tumblr.png\" alt=\"\" width=\"40\" height=\"40\" \/><\/a>[\/vc_column_text][\/vc_column][vc_column width=&#8220;1\/3&#8243;][vc_custom_heading text=&#8220;Legal&#8220; font_container=&#8220;tag:h6|font_size:12|text_align:left&#8220; use_theme_fonts=&#8220;yes&#8220;][vc_column_text]<a href=\"https:\/\/hallokoko.com\/en\/ideawise-limited\" target=\"_blank\" rel=\"noopener noreferrer\">Imprint<\/a>\u00a0\u00a0 <a href=\"https:\/\/hallokoko.com\/en\/faq\" target=\"_blank\" rel=\"noopener noreferrer\">FAQ<\/a>\u00a0\u00a0 <a href=\"https:\/\/koko.app\/privacy-policy\/\" target=\"_blank\" rel=\"noopener noreferrer\">Privacy<\/a>\u00a0\u00a0 <a href=\"https:\/\/hallokoko.com\/en\/terms-and-conditions\" target=\"_blank\" rel=\"noopener noreferrer\">T&amp;C\u00b4s<\/a>[\/vc_column_text][\/vc_column][\/vc_row]<\/p>\n<\/section>","protected":false},"excerpt":{"rendered":"<p>[vc_row][vc_column][vc_custom_heading text=&#8220;Sortiere falsche Partner aus mit dem Pers\u00f6nlichkeitstest!&#8220; font_container=&#8220;tag:h3|text_align:center&#8220; use_theme_fonts=&#8220;yes&#8220; css_animation=&#8220;none&#8220;][\/vc_column][\/vc_row][vc_row][vc_column][vc_column_text] Tickt da drau\u00dfen eigentlich noch wer so wie ich?&#8230;<\/p>\n","protected":false},"author":1,"featured_media":0,"parent":0,"menu_order":0,"comment_status":"closed","ping_status":"closed","template":"","meta":[],"yoast_head":"<!-- This site is optimized with the Yoast SEO plugin v20.9 - https:\/\/yoast.com\/wordpress\/plugins\/seo\/ -->\n<title>Diese Pers\u00f6nlichkeitstests haben mir gezeigt, wer ich bin und wer zu mir passt - Koko<\/title>\n<meta name=\"robots\" content=\"index, follow, max-snippet:-1, max-image-preview:large, max-video-preview:-1\" \/>\n<link rel=\"canonical\" href=\"https:\/\/koko.app\/de\/persoenlichkeitstest-2\/\" \/>\n<meta property=\"og:locale\" content=\"de_DE\" \/>\n<meta property=\"og:type\" content=\"article\" \/>\n<meta property=\"og:title\" content=\"Diese Pers\u00f6nlichkeitstests haben mir gezeigt, wer ich bin und wer zu mir passt - Koko\" \/>\n<meta property=\"og:description\" content=\"[vc_row][vc_column][vc_custom_heading text=&#8220;Sortiere falsche Partner aus mit dem Pers\u00f6nlichkeitstest!&#8220; font_container=&#8220;tag:h3|text_align:center&#8220; use_theme_fonts=&#8220;yes&#8220; css_animation=&#8220;none&#8220;][\/vc_column][\/vc_row][vc_row][vc_column][vc_column_text] Tickt da drau\u00dfen eigentlich noch wer so wie ich?...\" \/>\n<meta property=\"og:url\" content=\"https:\/\/koko.app\/de\/persoenlichkeitstest-2\/\" \/>\n<meta property=\"og:site_name\" content=\"Koko\" \/>\n<meta property=\"article:modified_time\" content=\"2019-05-21T07:36:46+00:00\" \/>\n<meta property=\"og:image\" content=\"https:\/\/koko.app\/wp-content\/uploads\/2019\/04\/authorpic-150x150.jpg\" \/>\n<meta name=\"twitter:card\" content=\"summary_large_image\" \/>\n<meta name=\"twitter:label1\" content=\"Gesch\u00e4tzte Lesezeit\" \/>\n\t<meta name=\"twitter:data1\" content=\"4\u00a0Minuten\" \/>\n<script type=\"application\/ld+json\" class=\"yoast-schema-graph\">{\"@context\":\"https:\/\/schema.org\",\"@graph\":[{\"@type\":\"WebPage\",\"@id\":\"https:\/\/koko.app\/de\/persoenlichkeitstest-2\/\",\"url\":\"https:\/\/koko.app\/de\/persoenlichkeitstest-2\/\",\"name\":\"Diese Pers\u00f6nlichkeitstests haben mir gezeigt, wer ich bin und wer zu mir passt - Koko\",\"isPartOf\":{\"@id\":\"https:\/\/koko.app\/#website\"},\"datePublished\":\"2019-05-14T13:23:51+00:00\",\"dateModified\":\"2019-05-21T07:36:46+00:00\",\"breadcrumb\":{\"@id\":\"https:\/\/koko.app\/de\/persoenlichkeitstest-2\/#breadcrumb\"},\"inLanguage\":\"de\",\"potentialAction\":[{\"@type\":\"ReadAction\",\"target\":[\"https:\/\/koko.app\/de\/persoenlichkeitstest-2\/\"]}]},{\"@type\":\"BreadcrumbList\",\"@id\":\"https:\/\/koko.app\/de\/persoenlichkeitstest-2\/#breadcrumb\",\"itemListElement\":[{\"@type\":\"ListItem\",\"position\":1,\"name\":\"Home\",\"item\":\"https:\/\/koko.app\/de\/\"},{\"@type\":\"ListItem\",\"position\":2,\"name\":\"Diese Pers\u00f6nlichkeitstests haben mir gezeigt, wer ich bin und wer zu mir passt\"}]},{\"@type\":\"WebSite\",\"@id\":\"https:\/\/koko.app\/#website\",\"url\":\"https:\/\/koko.app\/\",\"name\":\"Koko\",\"description\":\"\",\"potentialAction\":[{\"@type\":\"SearchAction\",\"target\":{\"@type\":\"EntryPoint\",\"urlTemplate\":\"https:\/\/koko.app\/?s={search_term_string}\"},\"query-input\":\"required name=search_term_string\"}],\"inLanguage\":\"de\"}]}<\/script>\n<!-- \/ Yoast SEO plugin. -->","yoast_head_json":{"title":"Diese Pers\u00f6nlichkeitstests haben mir gezeigt, wer ich bin und wer zu mir passt - Koko","robots":{"index":"index","follow":"follow","max-snippet":"max-snippet:-1","max-image-preview":"max-image-preview:large","max-video-preview":"max-video-preview:-1"},"canonical":"https:\/\/koko.app\/de\/persoenlichkeitstest-2\/","og_locale":"de_DE","og_type":"article","og_title":"Diese Pers\u00f6nlichkeitstests haben mir gezeigt, wer ich bin und wer zu mir passt - Koko","og_description":"[vc_row][vc_column][vc_custom_heading text=&#8220;Sortiere falsche Partner aus mit dem Pers\u00f6nlichkeitstest!&#8220; font_container=&#8220;tag:h3|text_align:center&#8220; use_theme_fonts=&#8220;yes&#8220; css_animation=&#8220;none&#8220;][\/vc_column][\/vc_row][vc_row][vc_column][vc_column_text] Tickt da drau\u00dfen eigentlich noch wer so wie ich?...","og_url":"https:\/\/koko.app\/de\/persoenlichkeitstest-2\/","og_site_name":"Koko","article_modified_time":"2019-05-21T07:36:46+00:00","og_image":[{"url":"https:\/\/koko.app\/wp-content\/uploads\/2019\/04\/authorpic-150x150.jpg"}],"twitter_card":"summary_large_image","twitter_misc":{"Gesch\u00e4tzte Lesezeit":"4\u00a0Minuten"},"schema":{"@context":"https:\/\/schema.org","@graph":[{"@type":"WebPage","@id":"https:\/\/koko.app\/de\/persoenlichkeitstest-2\/","url":"https:\/\/koko.app\/de\/persoenlichkeitstest-2\/","name":"Diese Pers\u00f6nlichkeitstests haben mir gezeigt, wer ich bin und wer zu mir passt - Koko","isPartOf":{"@id":"https:\/\/koko.app\/#website"},"datePublished":"2019-05-14T13:23:51+00:00","dateModified":"2019-05-21T07:36:46+00:00","breadcrumb":{"@id":"https:\/\/koko.app\/de\/persoenlichkeitstest-2\/#breadcrumb"},"inLanguage":"de","potentialAction":[{"@type":"ReadAction","target":["https:\/\/koko.app\/de\/persoenlichkeitstest-2\/"]}]},{"@type":"BreadcrumbList","@id":"https:\/\/koko.app\/de\/persoenlichkeitstest-2\/#breadcrumb","itemListElement":[{"@type":"ListItem","position":1,"name":"Home","item":"https:\/\/koko.app\/de\/"},{"@type":"ListItem","position":2,"name":"Diese Pers\u00f6nlichkeitstests haben mir gezeigt, wer ich bin und wer zu mir passt"}]},{"@type":"WebSite","@id":"https:\/\/koko.app\/#website","url":"https:\/\/koko.app\/","name":"Koko","description":"","potentialAction":[{"@type":"SearchAction","target":{"@type":"EntryPoint","urlTemplate":"https:\/\/koko.app\/?s={search_term_string}"},"query-input":"required name=search_term_string"}],"inLanguage":"de"}]}},"_links":{"self":[{"href":"https:\/\/koko.app\/de\/wp-json\/wp\/v2\/pages\/25324"}],"collection":[{"href":"https:\/\/koko.app\/de\/wp-json\/wp\/v2\/pages"}],"about":[{"href":"https:\/\/koko.app\/de\/wp-json\/wp\/v2\/types\/page"}],"author":[{"embeddable":true,"href":"https:\/\/koko.app\/de\/wp-json\/wp\/v2\/users\/1"}],"replies":[{"embeddable":true,"href":"https:\/\/koko.app\/de\/wp-json\/wp\/v2\/comments?post=25324"}],"version-history":[{"count":2,"href":"https:\/\/koko.app\/de\/wp-json\/wp\/v2\/pages\/25324\/revisions"}],"predecessor-version":[{"id":25328,"href":"https:\/\/koko.app\/de\/wp-json\/wp\/v2\/pages\/25324\/revisions\/25328"}],"wp:attachment":[{"href":"https:\/\/koko.app\/de\/wp-json\/wp\/v2\/media?parent=25324"}],"curies":[{"name":"wp","href":"https:\/\/api.w.org\/{rel}","templated":true}]}}